{"id":38,"date":"2026-01-29T11:39:38","date_gmt":"2026-01-29T16:39:38","guid":{"rendered":"https:\/\/gmartineau.dectim.ca\/staging.gmartineau.dectim.ca\/?page_id=38"},"modified":"2026-03-20T14:12:23","modified_gmt":"2026-03-20T18:12:23","slug":"accueil","status":"publish","type":"page","link":"https:\/\/gmartineau.dectim.ca\/staging.gmartineau.dectim.ca\/","title":{"rendered":"CPE aux Mille Jeux"},"content":{"rendered":"\n<p>Nous b\u00e2tissons le monde, un enfant \u00e0 la fois.<\/p>\n","protected":false},"excerpt":{"rendered":"<p>Nous b\u00e2tissons le monde, un enfant \u00e0 la fois.<\/p>\n","protected":false},"author":1,"featured_media":0,"parent":0,"menu_order":0,"comment_status":"closed","ping_status":"closed","template":"","meta":{"_acf_changed":false,"footnotes":""},"class_list":["post-38","page","type-page","status-publish","hentry"],"acf":[],"yoast_head":"<!-- This site is optimized with the Yoast SEO plugin v27.2 - https:\/\/yoast.com\/product\/yoast-seo-wordpress\/ -->\n<title>CPE aux Mille Jeux - CPE aux Mille Jeux<\/title>\n<meta name=\"robots\" content=\"noindex, follow, max-snippet:-1, max-image-preview:large, max-video-preview:-1\" \/>\n<meta property=\"og:locale\" content=\"fr_CA\" \/>\n<meta property=\"og:type\" content=\"article\" \/>\n<meta property=\"og:title\" content=\"CPE aux Mille Jeux\" \/>\n<meta property=\"og:description\" content=\"D\u00e9couvrez le CPE aux Mille Jeux, un milieu chaleureux et s\u00e9curitaire d\u00e9di\u00e9 au bonheur et au d\u00e9veloppement de l\u2019autonomie des enfants. Une \u00e9quipe bienveillante accompagne chaque famille avec professionnalisme, cr\u00e9ativit\u00e9 et passion, pour pr\u00e9parer les tout-petits \u00e0 l\u2019entr\u00e9e scolaire.\" \/>\n<meta property=\"og:url\" content=\"https:\/\/gmartineau.dectim.ca\/staging.gmartineau.dectim.ca\/\" \/>\n<meta property=\"og:site_name\" content=\"CPE aux Mille Jeux\" \/>\n<meta property=\"article:modified_time\" content=\"2026-03-20T18:12:23+00:00\" \/>\n<meta property=\"og:image\" content=\"https:\/\/gmartineau.dectim.ca\/staging.gmartineau.dectim.ca\/wp-content\/uploads\/2026\/03\/tambourin.jpg\" \/>\n\t<meta property=\"og:image:width\" content=\"1073\" \/>\n\t<meta property=\"og:image:height\" content=\"959\" \/>\n\t<meta property=\"og:image:type\" content=\"image\/jpeg\" \/>\n<meta name=\"twitter:card\" content=\"summary_large_image\" \/>\n<meta name=\"twitter:label1\" content=\"Estimation du temps de lecture\" \/>\n\t<meta name=\"twitter:data1\" content=\"1 minute\" \/>\n<script type=\"application\/ld+json\" class=\"yoast-schema-graph\">{\"@context\":\"https:\/\/schema.org\",\"@graph\":[{\"@type\":\"WebPage\",\"@id\":\"https:\/\/gmartineau.dectim.ca\/staging.gmartineau.dectim.ca\/\",\"url\":\"https:\/\/gmartineau.dectim.ca\/staging.gmartineau.dectim.ca\/\",\"name\":\"CPE aux Mille Jeux - CPE aux Mille Jeux\",\"isPartOf\":{\"@id\":\"https:\/\/gmartineau.dectim.ca\/staging.gmartineau.dectim.ca\/#website\"},\"datePublished\":\"2026-01-29T16:39:38+00:00\",\"dateModified\":\"2026-03-20T18:12:23+00:00\",\"breadcrumb\":{\"@id\":\"https:\/\/gmartineau.dectim.ca\/staging.gmartineau.dectim.ca\/#breadcrumb\"},\"inLanguage\":\"fr-CA\",\"potentialAction\":[{\"@type\":\"ReadAction\",\"target\":[\"https:\/\/gmartineau.dectim.ca\/staging.gmartineau.dectim.ca\/\"]}]},{\"@type\":\"BreadcrumbList\",\"@id\":\"https:\/\/gmartineau.dectim.ca\/staging.gmartineau.dectim.ca\/#breadcrumb\",\"itemListElement\":[{\"@type\":\"ListItem\",\"position\":1,\"name\":\"Accueil\",\"item\":\"https:\/\/gmartineau.dectim.ca\/staging.gmartineau.dectim.ca\/\"},{\"@type\":\"ListItem\",\"position\":2,\"name\":\"CPE aux Mille Jeux\"}]},{\"@type\":\"WebSite\",\"@id\":\"https:\/\/gmartineau.dectim.ca\/staging.gmartineau.dectim.ca\/#website\",\"url\":\"https:\/\/gmartineau.dectim.ca\/staging.gmartineau.dectim.ca\/\",\"name\":\"CPE aux mille jeux\",\"description\":\"\",\"publisher\":{\"@id\":\"https:\/\/gmartineau.dectim.ca\/staging.gmartineau.dectim.ca\/#organization\"},\"potentialAction\":[{\"@type\":\"SearchAction\",\"target\":{\"@type\":\"EntryPoint\",\"urlTemplate\":\"https:\/\/gmartineau.dectim.ca\/staging.gmartineau.dectim.ca\/?s={search_term_string}\"},\"query-input\":{\"@type\":\"PropertyValueSpecification\",\"valueRequired\":true,\"valueName\":\"search_term_string\"}}],\"inLanguage\":\"fr-CA\"},{\"@type\":\"Organization\",\"@id\":\"https:\/\/gmartineau.dectim.ca\/staging.gmartineau.dectim.ca\/#organization\",\"name\":\"CPE aux mille jeux\",\"url\":\"https:\/\/gmartineau.dectim.ca\/staging.gmartineau.dectim.ca\/\",\"logo\":{\"@type\":\"ImageObject\",\"inLanguage\":\"fr-CA\",\"@id\":\"https:\/\/gmartineau.dectim.ca\/staging.gmartineau.dectim.ca\/#\/schema\/logo\/image\/\",\"url\":\"https:\/\/gmartineau.dectim.ca\/staging.gmartineau.dectim.ca\/wp-content\/uploads\/2026\/03\/android-chrome-512x512-1.png\",\"contentUrl\":\"https:\/\/gmartineau.dectim.ca\/staging.gmartineau.dectim.ca\/wp-content\/uploads\/2026\/03\/android-chrome-512x512-1.png\",\"width\":512,\"height\":512,\"caption\":\"CPE aux mille jeux\"},\"image\":{\"@id\":\"https:\/\/gmartineau.dectim.ca\/staging.gmartineau.dectim.ca\/#\/schema\/logo\/image\/\"}}]}<\/script>\n<!-- \/ Yoast SEO plugin. -->","yoast_head_json":{"title":"CPE aux Mille Jeux - CPE aux Mille Jeux","robots":{"index":"noindex","follow":"follow","max-snippet":"max-snippet:-1","max-image-preview":"max-image-preview:large","max-video-preview":"max-video-preview:-1"},"og_locale":"fr_CA","og_type":"article","og_title":"CPE aux Mille Jeux","og_description":"D\u00e9couvrez le CPE aux Mille Jeux, un milieu chaleureux et s\u00e9curitaire d\u00e9di\u00e9 au bonheur et au d\u00e9veloppement de l\u2019autonomie des enfants. Une \u00e9quipe bienveillante accompagne chaque famille avec professionnalisme, cr\u00e9ativit\u00e9 et passion, pour pr\u00e9parer les tout-petits \u00e0 l\u2019entr\u00e9e scolaire.","og_url":"https:\/\/gmartineau.dectim.ca\/staging.gmartineau.dectim.ca\/","og_site_name":"CPE aux Mille Jeux","article_modified_time":"2026-03-20T18:12:23+00:00","og_image":[{"width":1073,"height":959,"url":"https:\/\/gmartineau.dectim.ca\/staging.gmartineau.dectim.ca\/wp-content\/uploads\/2026\/03\/tambourin.jpg","type":"image\/jpeg"}],"twitter_card":"summary_large_image","twitter_misc":{"Estimation du temps de lecture":"1 minute"},"schema":{"@context":"https:\/\/schema.org","@graph":[{"@type":"WebPage","@id":"https:\/\/gmartineau.dectim.ca\/staging.gmartineau.dectim.ca\/","url":"https:\/\/gmartineau.dectim.ca\/staging.gmartineau.dectim.ca\/","name":"CPE aux Mille Jeux - CPE aux Mille Jeux","isPartOf":{"@id":"https:\/\/gmartineau.dectim.ca\/staging.gmartineau.dectim.ca\/#website"},"datePublished":"2026-01-29T16:39:38+00:00","dateModified":"2026-03-20T18:12:23+00:00","breadcrumb":{"@id":"https:\/\/gmartineau.dectim.ca\/staging.gmartineau.dectim.ca\/#breadcrumb"},"inLanguage":"fr-CA","potentialAction":[{"@type":"ReadAction","target":["https:\/\/gmartineau.dectim.ca\/staging.gmartineau.dectim.ca\/"]}]},{"@type":"BreadcrumbList","@id":"https:\/\/gmartineau.dectim.ca\/staging.gmartineau.dectim.ca\/#breadcrumb","itemListElement":[{"@type":"ListItem","position":1,"name":"Accueil","item":"https:\/\/gmartineau.dectim.ca\/staging.gmartineau.dectim.ca\/"},{"@type":"ListItem","position":2,"name":"CPE aux Mille Jeux"}]},{"@type":"WebSite","@id":"https:\/\/gmartineau.dectim.ca\/staging.gmartineau.dectim.ca\/#website","url":"https:\/\/gmartineau.dectim.ca\/staging.gmartineau.dectim.ca\/","name":"CPE aux mille jeux","description":"","publisher":{"@id":"https:\/\/gmartineau.dectim.ca\/staging.gmartineau.dectim.ca\/#organization"},"potentialAction":[{"@type":"SearchAction","target":{"@type":"EntryPoint","urlTemplate":"https:\/\/gmartineau.dectim.ca\/staging.gmartineau.dectim.ca\/?s={search_term_string}"},"query-input":{"@type":"PropertyValueSpecification","valueRequired":true,"valueName":"search_term_string"}}],"inLanguage":"fr-CA"},{"@type":"Organization","@id":"https:\/\/gmartineau.dectim.ca\/staging.gmartineau.dectim.ca\/#organization","name":"CPE aux mille jeux","url":"https:\/\/gmartineau.dectim.ca\/staging.gmartineau.dectim.ca\/","logo":{"@type":"ImageObject","inLanguage":"fr-CA","@id":"https:\/\/gmartineau.dectim.ca\/staging.gmartineau.dectim.ca\/#\/schema\/logo\/image\/","url":"https:\/\/gmartineau.dectim.ca\/staging.gmartineau.dectim.ca\/wp-content\/uploads\/2026\/03\/android-chrome-512x512-1.png","contentUrl":"https:\/\/gmartineau.dectim.ca\/staging.gmartineau.dectim.ca\/wp-content\/uploads\/2026\/03\/android-chrome-512x512-1.png","width":512,"height":512,"caption":"CPE aux mille jeux"},"image":{"@id":"https:\/\/gmartineau.dectim.ca\/staging.gmartineau.dectim.ca\/#\/schema\/logo\/image\/"}}]}},"_links":{"self":[{"href":"https:\/\/gmartineau.dectim.ca\/staging.gmartineau.dectim.ca\/wp-json\/wp\/v2\/pages\/38","targetHints":{"allow":["GET"]}}],"collection":[{"href":"https:\/\/gmartineau.dectim.ca\/staging.gmartineau.dectim.ca\/wp-json\/wp\/v2\/pages"}],"about":[{"href":"https:\/\/gmartineau.dectim.ca\/staging.gmartineau.dectim.ca\/wp-json\/wp\/v2\/types\/page"}],"author":[{"embeddable":true,"href":"https:\/\/gmartineau.dectim.ca\/staging.gmartineau.dectim.ca\/wp-json\/wp\/v2\/users\/1"}],"replies":[{"embeddable":true,"href":"https:\/\/gmartineau.dectim.ca\/staging.gmartineau.dectim.ca\/wp-json\/wp\/v2\/comments?post=38"}],"version-history":[{"count":80,"href":"https:\/\/gmartineau.dectim.ca\/staging.gmartineau.dectim.ca\/wp-json\/wp\/v2\/pages\/38\/revisions"}],"predecessor-version":[{"id":1154,"href":"https:\/\/gmartineau.dectim.ca\/staging.gmartineau.dectim.ca\/wp-json\/wp\/v2\/pages\/38\/revisions\/1154"}],"wp:attachment":[{"href":"https:\/\/gmartineau.dectim.ca\/staging.gmartineau.dectim.ca\/wp-json\/wp\/v2\/media?parent=38"}],"curies":[{"name":"wp","href":"https:\/\/api.w.org\/{rel}","templated":true}]}}